{"id":3437,"date":"2015-01-03T12:37:41","date_gmt":"2015-01-03T11:37:41","guid":{"rendered":"http:\/\/pernillaodlund.se\/?page_id=3437"},"modified":"2023-02-24T10:13:20","modified_gmt":"2023-02-24T09:13:20","slug":"qalle","status":"publish","type":"page","link":"http:\/\/pernillaodlund.se\/?page_id=3437","title":{"rendered":"Qalle"},"content":{"rendered":"<p><a href=\"http:\/\/media.pernillaodlund.se\/2011\/11\/qalle1.jpg\"><img loading=\"lazy\" decoding=\"async\" class=\"alignnone size-thumbnail wp-image-911\" title=\"qalle1\" src=\"http:\/\/media.pernillaodlund.se\/2011\/11\/qalle1-150x150.jpg\" alt=\"\" width=\"150\" height=\"150\" \/><\/a><br \/>\nTop Quality alias Qalle<\/p>\n<p>K\u00f6ptes i april 2011. Jag och Emma ville ha ett litet projekt &#8211; han s\u00e5ldes av h\u00e4sthandlare och var billig, sv\u00e5rlastad men hoppade med fantastisk teknik. Vi hade massor med kul fram till h\u00e4sten 2011, d\u00e5 l\u00e5nade vi ut honom till en hoppryttare. Han kom tillbaka ov\u00e4ntat i april 2012 &#8211; d\u00e5 visade det sig att han tyv\u00e4rr var halt b\u00e5da fram (s\u00f6nderhoppad?). I juni 2012 fick han bli sk\u00e5nep\u00e5g och vi \u00f6nskar hans nya familj all lycka \ud83d\ude42<\/p>\n","protected":false},"excerpt":{"rendered":"<p>Top Quality alias Qalle K\u00f6ptes i april 2011. Jag och Emma ville ha ett litet projekt &#8211; han s\u00e5ldes av h\u00e4sthandlare och var billig, sv\u00e5rlastad men hoppade med fantastisk teknik. Vi hade massor med kul fram till h\u00e4sten 2011, d\u00e5 &hellip; <a href=\"http:\/\/pernillaodlund.se\/?page_id=3437\">L\u00e4s mer <span class=\"meta-nav\">&rarr;<\/span><\/a><\/p>\n","protected":false},"author":1,"featured_media":0,"parent":916,"menu_order":14,"comment_status":"open","ping_status":"closed","template":"","meta":{"om_disable_all_campaigns":false,"_monsterinsights_skip_tracking":false,"_monsterinsights_sitenote_active":false,"_monsterinsights_sitenote_note":"","_monsterinsights_sitenote_category":0,"footnotes":""},"class_list":["post-3437","page","type-page","status-publish","hentry"],"aioseo_notices":[],"_links":{"self":[{"href":"http:\/\/pernillaodlund.se\/index.php?rest_route=\/wp\/v2\/pages\/3437","targetHints":{"allow":["GET"]}}],"collection":[{"href":"http:\/\/pernillaodlund.se\/index.php?rest_route=\/wp\/v2\/pages"}],"about":[{"href":"http:\/\/pernillaodlund.se\/index.php?rest_route=\/wp\/v2\/types\/page"}],"author":[{"embeddable":true,"href":"http:\/\/pernillaodlund.se\/index.php?rest_route=\/wp\/v2\/users\/1"}],"replies":[{"embeddable":true,"href":"http:\/\/pernillaodlund.se\/index.php?rest_route=%2Fwp%2Fv2%2Fcomments&post=3437"}],"version-history":[{"count":1,"href":"http:\/\/pernillaodlund.se\/index.php?rest_route=\/wp\/v2\/pages\/3437\/revisions"}],"predecessor-version":[{"id":3438,"href":"http:\/\/pernillaodlund.se\/index.php?rest_route=\/wp\/v2\/pages\/3437\/revisions\/3438"}],"up":[{"embeddable":true,"href":"http:\/\/pernillaodlund.se\/index.php?rest_route=\/wp\/v2\/pages\/916"}],"wp:attachment":[{"href":"http:\/\/pernillaodlund.se\/index.php?rest_route=%2Fwp%2Fv2%2Fmedia&parent=3437"}],"curies":[{"name":"wp","href":"https:\/\/api.w.org\/{rel}","templated":true}]}}