{"id":3750,"date":"2015-05-26T23:43:10","date_gmt":"2015-05-26T22:43:10","guid":{"rendered":"http:\/\/pernillaodlund.se\/?page_id=3750"},"modified":"2015-05-26T23:43:10","modified_gmt":"2015-05-26T22:43:10","slug":"exsus-lucifer","status":"publish","type":"page","link":"http:\/\/pernillaodlund.se\/?page_id=3750","title":{"rendered":"Exsus Lucifer"},"content":{"rendered":"<p><a href=\"http:\/\/media.pernillaodlund.se\/2015\/05\/DSC_7889-2.jpg\"><img loading=\"lazy\" decoding=\"async\" class=\"alignnone size-medium wp-image-3751\" src=\"http:\/\/media.pernillaodlund.se\/2015\/05\/DSC_7889-2-300x200.jpg\" alt=\"DSC_7889 (2)\" width=\"300\" height=\"200\" srcset=\"http:\/\/media.pernillaodlund.se\/2015\/05\/DSC_7889-2-300x200.jpg 300w, http:\/\/media.pernillaodlund.se\/2015\/05\/DSC_7889-2-1024x683.jpg 1024w, http:\/\/media.pernillaodlund.se\/2015\/05\/DSC_7889-2-450x300.jpg 450w\" sizes=\"auto, (max-width: 300px) 100vw, 300px\" \/><\/a><br \/>\nExsus Lucifer &#8211; hingst f\u00f6dd 24 maj 2015<br \/>\ne: Fredbo\u00b4s Garmin<br \/>\nu: Cuba (e: Orchis Frivaldi)<\/p>\n<p>Lusen, som vi kallar honom, \u00e4r en mycket mer f\u00f6rsiktig natur \u00e4n v\u00e5rt andra f\u00f6l detta \u00e5r. Han \u00e4r nyfiken men samtidigt lite f\u00f6rsiktig. Sprallig i ett lugnare tempo, provar f\u00f6rsiktigt att galoppera en bit fr\u00e5n mamma men kommer direkt n\u00e4r hon kallar. Lusen verkar ha en stor galopp, han har enormt l\u00e5nga bakben \ud83d\ude00<\/p>\n","protected":false},"excerpt":{"rendered":"<p>Exsus Lucifer &#8211; hingst f\u00f6dd 24 maj 2015 e: Fredbo\u00b4s Garmin u: Cuba (e: Orchis Frivaldi) Lusen, som vi kallar honom, \u00e4r en mycket mer f\u00f6rsiktig natur \u00e4n v\u00e5rt andra f\u00f6l detta \u00e5r. Han \u00e4r nyfiken men samtidigt lite f\u00f6rsiktig. &hellip; <a href=\"http:\/\/pernillaodlund.se\/?page_id=3750\">L\u00e4s mer <span class=\"meta-nav\">&rarr;<\/span><\/a><\/p>\n","protected":false},"author":1,"featured_media":0,"parent":3742,"menu_order":1,"comment_status":"open","ping_status":"open","template":"","meta":{"om_disable_all_campaigns":false,"_monsterinsights_skip_tracking":false,"_monsterinsights_sitenote_active":false,"_monsterinsights_sitenote_note":"","_monsterinsights_sitenote_category":0,"footnotes":""},"class_list":["post-3750","page","type-page","status-publish","hentry"],"aioseo_notices":[],"_links":{"self":[{"href":"http:\/\/pernillaodlund.se\/index.php?rest_route=\/wp\/v2\/pages\/3750","targetHints":{"allow":["GET"]}}],"collection":[{"href":"http:\/\/pernillaodlund.se\/index.php?rest_route=\/wp\/v2\/pages"}],"about":[{"href":"http:\/\/pernillaodlund.se\/index.php?rest_route=\/wp\/v2\/types\/page"}],"author":[{"embeddable":true,"href":"http:\/\/pernillaodlund.se\/index.php?rest_route=\/wp\/v2\/users\/1"}],"replies":[{"embeddable":true,"href":"http:\/\/pernillaodlund.se\/index.php?rest_route=%2Fwp%2Fv2%2Fcomments&post=3750"}],"version-history":[{"count":1,"href":"http:\/\/pernillaodlund.se\/index.php?rest_route=\/wp\/v2\/pages\/3750\/revisions"}],"predecessor-version":[{"id":3752,"href":"http:\/\/pernillaodlund.se\/index.php?rest_route=\/wp\/v2\/pages\/3750\/revisions\/3752"}],"up":[{"embeddable":true,"href":"http:\/\/pernillaodlund.se\/index.php?rest_route=\/wp\/v2\/pages\/3742"}],"wp:attachment":[{"href":"http:\/\/pernillaodlund.se\/index.php?rest_route=%2Fwp%2Fv2%2Fmedia&parent=3750"}],"curies":[{"name":"wp","href":"https:\/\/api.w.org\/{rel}","templated":true}]}}