{"id":3988,"date":"2016-01-26T18:41:35","date_gmt":"2016-01-26T17:41:35","guid":{"rendered":"http:\/\/pernillaodlund.se\/?page_id=3988"},"modified":"2019-05-16T10:57:59","modified_gmt":"2019-05-16T09:57:59","slug":"poohlia","status":"publish","type":"page","link":"http:\/\/pernillaodlund.se\/?page_id=3988","title":{"rendered":"Poohlia (s\u00e5ld)"},"content":{"rendered":"<p><a href=\"http:\/\/media.pernillaodlund.se\/2015\/12\/poohlia_2.jpg\"><img loading=\"lazy\" decoding=\"async\" class=\"alignnone size-medium wp-image-3942\" src=\"http:\/\/media.pernillaodlund.se\/2015\/12\/poohlia_2-300x214.jpg\" alt=\"poohlia_2\" width=\"300\" height=\"214\" srcset=\"http:\/\/media.pernillaodlund.se\/2015\/12\/poohlia_2-300x214.jpg 300w, http:\/\/media.pernillaodlund.se\/2015\/12\/poohlia_2-421x300.jpg 421w, http:\/\/media.pernillaodlund.se\/2015\/12\/poohlia_2.jpg 480w\" sizes=\"auto, (max-width: 300px) 100vw, 300px\" \/><\/a><\/p>\n<p>Poohlia f\u00f6dd 2012<br \/>\ne: Verona&#8217;s Gerswin<br \/>\nue: Paddock Camargue<\/p>\n<p>F\u00f6l-lista:<br \/>\n2017: <a href=\"http:\/\/pernillaodlund.se\/?page_id=4504\">Exsus Pandora<\/a> e Dirco H\u00e4stak<br \/>\n2018: Exsus Kiara e FS Mr Right<\/p>\n","protected":false},"excerpt":{"rendered":"<p>Poohlia f\u00f6dd 2012 e: Verona&#8217;s Gerswin ue: Paddock Camargue F\u00f6l-lista: 2017: Exsus Pandora e Dirco H\u00e4stak 2018: Exsus Kiara e FS Mr Right<\/p>\n","protected":false},"author":1,"featured_media":0,"parent":3072,"menu_order":3,"comment_status":"open","ping_status":"closed","template":"","meta":{"om_disable_all_campaigns":false,"_monsterinsights_skip_tracking":false,"_monsterinsights_sitenote_active":false,"_monsterinsights_sitenote_note":"","_monsterinsights_sitenote_category":0,"footnotes":""},"class_list":["post-3988","page","type-page","status-publish","hentry"],"aioseo_notices":[],"_links":{"self":[{"href":"http:\/\/pernillaodlund.se\/index.php?rest_route=\/wp\/v2\/pages\/3988","targetHints":{"allow":["GET"]}}],"collection":[{"href":"http:\/\/pernillaodlund.se\/index.php?rest_route=\/wp\/v2\/pages"}],"about":[{"href":"http:\/\/pernillaodlund.se\/index.php?rest_route=\/wp\/v2\/types\/page"}],"author":[{"embeddable":true,"href":"http:\/\/pernillaodlund.se\/index.php?rest_route=\/wp\/v2\/users\/1"}],"replies":[{"embeddable":true,"href":"http:\/\/pernillaodlund.se\/index.php?rest_route=%2Fwp%2Fv2%2Fcomments&post=3988"}],"version-history":[{"count":5,"href":"http:\/\/pernillaodlund.se\/index.php?rest_route=\/wp\/v2\/pages\/3988\/revisions"}],"predecessor-version":[{"id":4766,"href":"http:\/\/pernillaodlund.se\/index.php?rest_route=\/wp\/v2\/pages\/3988\/revisions\/4766"}],"up":[{"embeddable":true,"href":"http:\/\/pernillaodlund.se\/index.php?rest_route=\/wp\/v2\/pages\/3072"}],"wp:attachment":[{"href":"http:\/\/pernillaodlund.se\/index.php?rest_route=%2Fwp%2Fv2%2Fmedia&parent=3988"}],"curies":[{"name":"wp","href":"https:\/\/api.w.org\/{rel}","templated":true}]}}