{"id":5330,"date":"2020-10-12T14:08:24","date_gmt":"2020-10-12T13:08:24","guid":{"rendered":"http:\/\/pernillaodlund.se\/?page_id=5330"},"modified":"2020-10-12T14:12:32","modified_gmt":"2020-10-12T13:12:32","slug":"hailey-all-star","status":"publish","type":"page","link":"http:\/\/pernillaodlund.se\/?page_id=5330","title":{"rendered":"Exsus Hailey All Star"},"content":{"rendered":"\n<p>Den 21 maj f\u00f6lar Darling ett bed\u00e5rande stof\u00f6l. \u00c5terigen \u00e4r pappa Converse All Star.<\/p>\n\n\n\n<ul class=\"wp-block-gallery columns-3 is-cropped wp-block-gallery-1 is-layout-flex wp-block-gallery-is-layout-flex\"><li class=\"blocks-gallery-item\"><figure><img decoding=\"async\" src=\"blob:http:\/\/pernillaodlund.se\/5d39cfa9-dad4-4199-8968-b15e02b2d307\"\/><\/figure><\/li><li class=\"blocks-gallery-item\"><figure><img decoding=\"async\" src=\"blob:http:\/\/pernillaodlund.se\/8d35cf11-56e1-4f1b-b92e-c5ccf57d6a15\"\/><\/figure><\/li><li class=\"blocks-gallery-item\"><figure><img decoding=\"async\" src=\"blob:http:\/\/pernillaodlund.se\/00122b75-4c2c-45a9-8c24-b77ca4a4d838\"\/><\/figure><\/li><li class=\"blocks-gallery-item\"><figure><img decoding=\"async\" src=\"blob:http:\/\/pernillaodlund.se\/89365397-fcc7-4782-b64c-417b8716b7c1\"\/><\/figure><\/li><li class=\"blocks-gallery-item\"><figure><img decoding=\"async\" src=\"blob:http:\/\/pernillaodlund.se\/fa83ef98-2279-45dd-9bee-f3fd963b3384\"\/><\/figure><\/li><li class=\"blocks-gallery-item\"><figure><img loading=\"lazy\" decoding=\"async\" width=\"1024\" height=\"683\" src=\"http:\/\/media.pernillaodlund.se\/2020\/08\/DSC_3105-1-1024x683.jpg\" alt=\"\" data-id=\"5336\" data-link=\"http:\/\/pernillaodlund.se\/?attachment_id=5336\" class=\"wp-image-5336\" srcset=\"http:\/\/media.pernillaodlund.se\/2020\/08\/DSC_3105-1-1024x683.jpg 1024w, http:\/\/media.pernillaodlund.se\/2020\/08\/DSC_3105-1-300x200.jpg 300w, http:\/\/media.pernillaodlund.se\/2020\/08\/DSC_3105-1-768x512.jpg 768w, http:\/\/media.pernillaodlund.se\/2020\/08\/DSC_3105-1-450x300.jpg 450w\" sizes=\"auto, (max-width: 1024px) 100vw, 1024px\" \/><\/figure><\/li><\/ul>\n","protected":false},"excerpt":{"rendered":"<p>Den 21 maj f\u00f6lar Darling ett bed\u00e5rande stof\u00f6l. \u00c5terigen \u00e4r pappa Converse All Star.<\/p>\n","protected":false},"author":1,"featured_media":0,"parent":5226,"menu_order":1,"comment_status":"closed","ping_status":"closed","template":"","meta":{"om_disable_all_campaigns":false,"_monsterinsights_skip_tracking":false,"_monsterinsights_sitenote_active":false,"_monsterinsights_sitenote_note":"","_monsterinsights_sitenote_category":0,"footnotes":""},"class_list":["post-5330","page","type-page","status-publish","hentry"],"aioseo_notices":[],"_links":{"self":[{"href":"http:\/\/pernillaodlund.se\/index.php?rest_route=\/wp\/v2\/pages\/5330","targetHints":{"allow":["GET"]}}],"collection":[{"href":"http:\/\/pernillaodlund.se\/index.php?rest_route=\/wp\/v2\/pages"}],"about":[{"href":"http:\/\/pernillaodlund.se\/index.php?rest_route=\/wp\/v2\/types\/page"}],"author":[{"embeddable":true,"href":"http:\/\/pernillaodlund.se\/index.php?rest_route=\/wp\/v2\/users\/1"}],"replies":[{"embeddable":true,"href":"http:\/\/pernillaodlund.se\/index.php?rest_route=%2Fwp%2Fv2%2Fcomments&post=5330"}],"version-history":[{"count":2,"href":"http:\/\/pernillaodlund.se\/index.php?rest_route=\/wp\/v2\/pages\/5330\/revisions"}],"predecessor-version":[{"id":5356,"href":"http:\/\/pernillaodlund.se\/index.php?rest_route=\/wp\/v2\/pages\/5330\/revisions\/5356"}],"up":[{"embeddable":true,"href":"http:\/\/pernillaodlund.se\/index.php?rest_route=\/wp\/v2\/pages\/5226"}],"wp:attachment":[{"href":"http:\/\/pernillaodlund.se\/index.php?rest_route=%2Fwp%2Fv2%2Fmedia&parent=5330"}],"curies":[{"name":"wp","href":"https:\/\/api.w.org\/{rel}","templated":true}]}}