{"id":5513,"date":"2023-02-24T10:40:42","date_gmt":"2023-02-24T09:40:42","guid":{"rendered":"http:\/\/pernillaodlund.se\/?page_id=5513"},"modified":"2023-02-24T10:40:42","modified_gmt":"2023-02-24T09:40:42","slug":"exsus-sweet-harmony","status":"publish","type":"page","link":"http:\/\/pernillaodlund.se\/?page_id=5513","title":{"rendered":"Exsus Sweet Harmony"},"content":{"rendered":"\n<p>Darling f\u00f6lar ett alldeles bed\u00e5rande stof\u00f6l e Orchard Zweed<\/p>\n\n\n\n<figure class=\"wp-block-image size-large\"><a href=\"http:\/\/media.pernillaodlund.se\/2023\/02\/IMG_8244-scaled.jpeg\"><img loading=\"lazy\" decoding=\"async\" width=\"1024\" height=\"768\" src=\"http:\/\/media.pernillaodlund.se\/2023\/02\/IMG_8244-1024x768.jpeg\" alt=\"\" class=\"wp-image-5514\" srcset=\"http:\/\/media.pernillaodlund.se\/2023\/02\/IMG_8244-1024x768.jpeg 1024w, http:\/\/media.pernillaodlund.se\/2023\/02\/IMG_8244-300x225.jpeg 300w, http:\/\/media.pernillaodlund.se\/2023\/02\/IMG_8244-768x576.jpeg 768w, http:\/\/media.pernillaodlund.se\/2023\/02\/IMG_8244-1536x1152.jpeg 1536w, http:\/\/media.pernillaodlund.se\/2023\/02\/IMG_8244-2048x1536.jpeg 2048w, http:\/\/media.pernillaodlund.se\/2023\/02\/IMG_8244-400x300.jpeg 400w\" sizes=\"auto, (max-width: 1024px) 100vw, 1024px\" \/><\/a><\/figure>\n\n\n\n<figure class=\"wp-block-image size-large\"><a href=\"http:\/\/media.pernillaodlund.se\/2023\/02\/DSC_3328-scaled.jpg\"><img loading=\"lazy\" decoding=\"async\" width=\"1024\" height=\"683\" src=\"http:\/\/media.pernillaodlund.se\/2023\/02\/DSC_3328-1024x683.jpg\" alt=\"\" class=\"wp-image-5515\" srcset=\"http:\/\/media.pernillaodlund.se\/2023\/02\/DSC_3328-1024x683.jpg 1024w, http:\/\/media.pernillaodlund.se\/2023\/02\/DSC_3328-300x200.jpg 300w, http:\/\/media.pernillaodlund.se\/2023\/02\/DSC_3328-768x512.jpg 768w, http:\/\/media.pernillaodlund.se\/2023\/02\/DSC_3328-1536x1024.jpg 1536w, http:\/\/media.pernillaodlund.se\/2023\/02\/DSC_3328-2048x1365.jpg 2048w, http:\/\/media.pernillaodlund.se\/2023\/02\/DSC_3328-450x300.jpg 450w\" sizes=\"auto, (max-width: 1024px) 100vw, 1024px\" \/><\/a><\/figure>\n","protected":false},"excerpt":{"rendered":"<p>Darling f\u00f6lar ett alldeles bed\u00e5rande stof\u00f6l e Orchard Zweed<\/p>\n","protected":false},"author":1,"featured_media":0,"parent":5502,"menu_order":0,"comment_status":"closed","ping_status":"closed","template":"","meta":{"om_disable_all_campaigns":false,"_monsterinsights_skip_tracking":false,"_monsterinsights_sitenote_active":false,"_monsterinsights_sitenote_note":"","_monsterinsights_sitenote_category":0,"footnotes":""},"class_list":["post-5513","page","type-page","status-publish","hentry"],"aioseo_notices":[],"_links":{"self":[{"href":"http:\/\/pernillaodlund.se\/index.php?rest_route=\/wp\/v2\/pages\/5513","targetHints":{"allow":["GET"]}}],"collection":[{"href":"http:\/\/pernillaodlund.se\/index.php?rest_route=\/wp\/v2\/pages"}],"about":[{"href":"http:\/\/pernillaodlund.se\/index.php?rest_route=\/wp\/v2\/types\/page"}],"author":[{"embeddable":true,"href":"http:\/\/pernillaodlund.se\/index.php?rest_route=\/wp\/v2\/users\/1"}],"replies":[{"embeddable":true,"href":"http:\/\/pernillaodlund.se\/index.php?rest_route=%2Fwp%2Fv2%2Fcomments&post=5513"}],"version-history":[{"count":1,"href":"http:\/\/pernillaodlund.se\/index.php?rest_route=\/wp\/v2\/pages\/5513\/revisions"}],"predecessor-version":[{"id":5516,"href":"http:\/\/pernillaodlund.se\/index.php?rest_route=\/wp\/v2\/pages\/5513\/revisions\/5516"}],"up":[{"embeddable":true,"href":"http:\/\/pernillaodlund.se\/index.php?rest_route=\/wp\/v2\/pages\/5502"}],"wp:attachment":[{"href":"http:\/\/pernillaodlund.se\/index.php?rest_route=%2Fwp%2Fv2%2Fmedia&parent=5513"}],"curies":[{"name":"wp","href":"https:\/\/api.w.org\/{rel}","templated":true}]}}