{"id":3076,"date":"2014-05-17T19:06:29","date_gmt":"2014-05-17T18:06:29","guid":{"rendered":"http:\/\/pernillaodlund.se\/?page_id=3076"},"modified":"2019-05-16T10:58:10","modified_gmt":"2019-05-16T09:58:10","slug":"borghofs-corintje","status":"publish","type":"page","link":"https:\/\/pernillaodlund.se\/?page_id=3076","title":{"rendered":"Borghof\u00b4s Corintje (s\u00e5ld)"},"content":{"rendered":"<p><span style=\"color: #ff0000;\"><em>Curri \u00e4r s\u00e5ld till Eva i Sk\u00e5ne<\/em><\/span><br \/>\nF\u00f6dd 2001<br \/>\n<span class=\"Apple-style-span\" style=\"font-weight: normal; color: #444444;\">e: Leuns Velds Elegant<br \/>\nu: Borghof\u00b4s Femke<br \/>\n<a href=\"http:\/\/media.pernillaodlund.se\/2014\/07\/Curri2.jpg\"><img loading=\"lazy\" decoding=\"async\" class=\"alignnone size-medium wp-image-3188\" src=\"http:\/\/media.pernillaodlund.se\/2014\/07\/Curri2-269x300.jpg\" alt=\"Curri2\" width=\"269\" height=\"300\" srcset=\"http:\/\/media.pernillaodlund.se\/2014\/07\/Curri2-269x300.jpg 269w, http:\/\/media.pernillaodlund.se\/2014\/07\/Curri2.jpg 718w\" sizes=\"auto, (max-width: 269px) 100vw, 269px\" \/><\/a><br \/>\n<\/span><a href=\"http:\/\/media.pernillaodlund.se\/2014\/05\/corintje.jpg\"><img loading=\"lazy\" decoding=\"async\" class=\"alignnone size-medium wp-image-3073\" src=\"http:\/\/media.pernillaodlund.se\/2014\/05\/corintje-300x201.jpg\" alt=\"corintje\" width=\"300\" height=\"201\" srcset=\"http:\/\/media.pernillaodlund.se\/2014\/05\/corintje-300x201.jpg 300w, http:\/\/media.pernillaodlund.se\/2014\/05\/corintje.jpg 400w\" sizes=\"auto, (max-width: 300px) 100vw, 300px\" \/><\/a><\/p>\n<p>2015 &#8211; Den 10 maj fick Curri\u00a0en superfint hingst efter EG Pauli. Han heter\u00a0Exsus Wild Hunt och kallas f\u00f6r Wille. Fux med tv\u00e5 h\u00f6ga strumpor bak och en fin bl\u00e4s.<br \/>\n<a href=\"http:\/\/media.pernillaodlund.se\/2015\/05\/WildHunt16.jpg\"><img loading=\"lazy\" decoding=\"async\" class=\"alignnone size-medium wp-image-3717\" src=\"http:\/\/media.pernillaodlund.se\/2015\/05\/WildHunt16-300x225.jpg\" alt=\"WildHunt16\" width=\"300\" height=\"225\" srcset=\"http:\/\/media.pernillaodlund.se\/2015\/05\/WildHunt16-300x225.jpg 300w, http:\/\/media.pernillaodlund.se\/2015\/05\/WildHunt16-400x300.jpg 400w, http:\/\/media.pernillaodlund.se\/2015\/05\/WildHunt16.jpg 960w\" sizes=\"auto, (max-width: 300px) 100vw, 300px\" \/><\/a><\/p>\n<p><span class=\"Apple-style-span\" style=\"font-weight: normal; color: #444444;\">Corientje \u00e4r ett flerfaldigt guldbel\u00f6nt avelssto som har f\u00e5tt fina avkommor. Hon kommer fr\u00e5n Arhults Stuteri i Blomsterm\u00e5la. D\u00e4r har hon f\u00e5tt tv\u00e5 fina d\u00f6ttrar och en fin \u00a0hingst, som kommer att f\u00f6ra hennes blodslinjer vidare.\u00a0<\/span><\/p>\n","protected":false},"excerpt":{"rendered":"<p>Curri \u00e4r s\u00e5ld till Eva i Sk\u00e5ne F\u00f6dd 2001 e: Leuns Velds Elegant u: Borghof\u00b4s Femke 2015 &#8211; Den 10 maj fick Curri\u00a0en superfint hingst efter EG Pauli. Han heter\u00a0Exsus Wild Hunt och kallas f\u00f6r Wille. Fux med tv\u00e5 h\u00f6ga &hellip; <a href=\"https:\/\/pernillaodlund.se\/?page_id=3076\">L\u00e4s mer <span class=\"meta-nav\">&rarr;<\/span><\/a><\/p>\n","protected":false},"author":1,"featured_media":0,"parent":3072,"menu_order":5,"comment_status":"open","ping_status":"closed","template":"","meta":{"om_disable_all_campaigns":false,"_monsterinsights_skip_tracking":false,"_monsterinsights_sitenote_active":false,"_monsterinsights_sitenote_note":"","_monsterinsights_sitenote_category":0,"footnotes":""},"class_list":["post-3076","page","type-page","status-publish","hentry"],"aioseo_notices":[],"_links":{"self":[{"href":"https:\/\/pernillaodlund.se\/index.php?rest_route=\/wp\/v2\/pages\/3076","targetHints":{"allow":["GET"]}}],"collection":[{"href":"https:\/\/pernillaodlund.se\/index.php?rest_route=\/wp\/v2\/pages"}],"about":[{"href":"https:\/\/pernillaodlund.se\/index.php?rest_route=\/wp\/v2\/types\/page"}],"author":[{"embeddable":true,"href":"https:\/\/pernillaodlund.se\/index.php?rest_route=\/wp\/v2\/users\/1"}],"replies":[{"embeddable":true,"href":"https:\/\/pernillaodlund.se\/index.php?rest_route=%2Fwp%2Fv2%2Fcomments&post=3076"}],"version-history":[{"count":5,"href":"https:\/\/pernillaodlund.se\/index.php?rest_route=\/wp\/v2\/pages\/3076\/revisions"}],"predecessor-version":[{"id":3987,"href":"https:\/\/pernillaodlund.se\/index.php?rest_route=\/wp\/v2\/pages\/3076\/revisions\/3987"}],"up":[{"embeddable":true,"href":"https:\/\/pernillaodlund.se\/index.php?rest_route=\/wp\/v2\/pages\/3072"}],"wp:attachment":[{"href":"https:\/\/pernillaodlund.se\/index.php?rest_route=%2Fwp%2Fv2%2Fmedia&parent=3076"}],"curies":[{"name":"wp","href":"https:\/\/api.w.org\/{rel}","templated":true}]}}