{"id":3083,"date":"2014-05-17T19:16:03","date_gmt":"2014-05-17T18:16:03","guid":{"rendered":"http:\/\/pernillaodlund.se\/?page_id=3083"},"modified":"2015-05-26T23:46:57","modified_gmt":"2015-05-26T22:46:57","slug":"exsus-miss-dancer","status":"publish","type":"page","link":"https:\/\/pernillaodlund.se\/?page_id=3083","title":{"rendered":"Exsus Miss Dancer"},"content":{"rendered":"<p><strong><span style=\"color: #ff0000;\"><em>S\u00c5LD till Sofie i Sk\u00e5ne<\/em><\/span><\/strong><\/p>\n<p>f\u00f6dd 3 maj 2014<br \/>\ne: Speyksbosch Dancer<br \/>\nu: Borghof\u00b4s Corintje<\/p>\n<p><a href=\"http:\/\/media.pernillaodlund.se\/2014\/05\/miss-dancer5.jpg\"><img loading=\"lazy\" decoding=\"async\" class=\"alignnone size-medium wp-image-3084\" src=\"http:\/\/media.pernillaodlund.se\/2014\/05\/miss-dancer5-300x168.jpg\" alt=\"miss-dancer5\" width=\"300\" height=\"168\" srcset=\"http:\/\/media.pernillaodlund.se\/2014\/05\/miss-dancer5-300x168.jpg 300w, http:\/\/media.pernillaodlund.se\/2014\/05\/miss-dancer5-500x281.jpg 500w, http:\/\/media.pernillaodlund.se\/2014\/05\/miss-dancer5.jpg 640w\" sizes=\"auto, (max-width: 300px) 100vw, 300px\" \/><\/a> <a href=\"http:\/\/media.pernillaodlund.se\/2014\/05\/miss-dancer61.jpg\"><img loading=\"lazy\" decoding=\"async\" class=\"alignnone size-medium wp-image-3085\" src=\"http:\/\/media.pernillaodlund.se\/2014\/05\/miss-dancer61-300x168.jpg\" alt=\"miss-dancer6\" width=\"300\" height=\"168\" srcset=\"http:\/\/media.pernillaodlund.se\/2014\/05\/miss-dancer61-300x168.jpg 300w, http:\/\/media.pernillaodlund.se\/2014\/05\/miss-dancer61-500x281.jpg 500w, http:\/\/media.pernillaodlund.se\/2014\/05\/miss-dancer61.jpg 640w\" sizes=\"auto, (max-width: 300px) 100vw, 300px\" \/><\/a> <a href=\"http:\/\/media.pernillaodlund.se\/2014\/05\/miss-dancer7.jpg\"><img loading=\"lazy\" decoding=\"async\" class=\"alignnone size-medium wp-image-3086\" src=\"http:\/\/media.pernillaodlund.se\/2014\/05\/miss-dancer7-300x168.jpg\" alt=\"miss-dancer7\" width=\"300\" height=\"168\" srcset=\"http:\/\/media.pernillaodlund.se\/2014\/05\/miss-dancer7-300x168.jpg 300w, http:\/\/media.pernillaodlund.se\/2014\/05\/miss-dancer7-500x281.jpg 500w, http:\/\/media.pernillaodlund.se\/2014\/05\/miss-dancer7.jpg 640w\" sizes=\"auto, (max-width: 300px) 100vw, 300px\" \/><\/a> <a href=\"http:\/\/media.pernillaodlund.se\/2014\/05\/miss-dancer8.jpg\"><img loading=\"lazy\" decoding=\"async\" class=\"alignnone size-medium wp-image-3087\" src=\"http:\/\/media.pernillaodlund.se\/2014\/05\/miss-dancer8-300x168.jpg\" alt=\"miss-dancer8\" width=\"300\" height=\"168\" srcset=\"http:\/\/media.pernillaodlund.se\/2014\/05\/miss-dancer8-300x168.jpg 300w, http:\/\/media.pernillaodlund.se\/2014\/05\/miss-dancer8-500x281.jpg 500w, http:\/\/media.pernillaodlund.se\/2014\/05\/miss-dancer8.jpg 640w\" sizes=\"auto, (max-width: 300px) 100vw, 300px\" \/><\/a> <a href=\"http:\/\/media.pernillaodlund.se\/2014\/05\/miss-dancer9.jpg\"><img loading=\"lazy\" decoding=\"async\" class=\"alignnone size-medium wp-image-3088\" src=\"http:\/\/media.pernillaodlund.se\/2014\/05\/miss-dancer9-300x168.jpg\" alt=\"miss-dancer9\" width=\"300\" height=\"168\" srcset=\"http:\/\/media.pernillaodlund.se\/2014\/05\/miss-dancer9-300x168.jpg 300w, http:\/\/media.pernillaodlund.se\/2014\/05\/miss-dancer9-500x281.jpg 500w, http:\/\/media.pernillaodlund.se\/2014\/05\/miss-dancer9.jpg 640w\" sizes=\"auto, (max-width: 300px) 100vw, 300px\" \/><\/a> <a href=\"http:\/\/media.pernillaodlund.se\/2014\/05\/miss-dancer11.jpg\"><img loading=\"lazy\" decoding=\"async\" class=\"alignnone size-medium wp-image-3090\" src=\"http:\/\/media.pernillaodlund.se\/2014\/05\/miss-dancer11-300x168.jpg\" alt=\"miss-dancer11\" width=\"300\" height=\"168\" srcset=\"http:\/\/media.pernillaodlund.se\/2014\/05\/miss-dancer11-300x168.jpg 300w, http:\/\/media.pernillaodlund.se\/2014\/05\/miss-dancer11.jpg 480w\" sizes=\"auto, (max-width: 300px) 100vw, 300px\" \/><\/a> <a href=\"http:\/\/media.pernillaodlund.se\/2014\/05\/miss-dancer12.jpg\"><img loading=\"lazy\" decoding=\"async\" class=\"alignnone size-medium wp-image-3091\" src=\"http:\/\/media.pernillaodlund.se\/2014\/05\/miss-dancer12-300x168.jpg\" alt=\"miss-dancer12\" width=\"300\" height=\"168\" srcset=\"http:\/\/media.pernillaodlund.se\/2014\/05\/miss-dancer12-300x168.jpg 300w, http:\/\/media.pernillaodlund.se\/2014\/05\/miss-dancer12-500x281.jpg 500w, http:\/\/media.pernillaodlund.se\/2014\/05\/miss-dancer12.jpg 640w\" sizes=\"auto, (max-width: 300px) 100vw, 300px\" \/><\/a> <a href=\"http:\/\/media.pernillaodlund.se\/2014\/05\/miss-dancer13.jpg\"><img loading=\"lazy\" decoding=\"async\" class=\"alignnone size-medium wp-image-3092\" src=\"http:\/\/media.pernillaodlund.se\/2014\/05\/miss-dancer13-300x168.jpg\" alt=\"miss-dancer13\" width=\"300\" height=\"168\" srcset=\"http:\/\/media.pernillaodlund.se\/2014\/05\/miss-dancer13-300x168.jpg 300w, http:\/\/media.pernillaodlund.se\/2014\/05\/miss-dancer13-500x281.jpg 500w, http:\/\/media.pernillaodlund.se\/2014\/05\/miss-dancer13.jpg 640w\" sizes=\"auto, (max-width: 300px) 100vw, 300px\" \/><\/a> <a href=\"http:\/\/media.pernillaodlund.se\/2014\/05\/miss-dancer15.jpg\"><img loading=\"lazy\" decoding=\"async\" class=\"alignnone size-medium wp-image-3094\" src=\"http:\/\/media.pernillaodlund.se\/2014\/05\/miss-dancer15-300x168.jpg\" alt=\"miss-dancer15\" width=\"300\" height=\"168\" srcset=\"http:\/\/media.pernillaodlund.se\/2014\/05\/miss-dancer15-300x168.jpg 300w, http:\/\/media.pernillaodlund.se\/2014\/05\/miss-dancer15-500x281.jpg 500w, http:\/\/media.pernillaodlund.se\/2014\/05\/miss-dancer15.jpg 640w\" sizes=\"auto, (max-width: 300px) 100vw, 300px\" \/><\/a> <a href=\"http:\/\/media.pernillaodlund.se\/2014\/05\/miss-dancer16.jpg\"><img loading=\"lazy\" decoding=\"async\" class=\"alignnone size-medium wp-image-3095\" src=\"http:\/\/media.pernillaodlund.se\/2014\/05\/miss-dancer16-300x168.jpg\" alt=\"miss-dancer16\" width=\"300\" height=\"168\" srcset=\"http:\/\/media.pernillaodlund.se\/2014\/05\/miss-dancer16-300x168.jpg 300w, http:\/\/media.pernillaodlund.se\/2014\/05\/miss-dancer16-500x281.jpg 500w, http:\/\/media.pernillaodlund.se\/2014\/05\/miss-dancer16.jpg 640w\" sizes=\"auto, (max-width: 300px) 100vw, 300px\" \/><\/a> <a href=\"http:\/\/media.pernillaodlund.se\/2014\/05\/miss-dancer171.jpg\"><img loading=\"lazy\" decoding=\"async\" class=\"alignnone size-medium wp-image-3096\" src=\"http:\/\/media.pernillaodlund.se\/2014\/05\/miss-dancer171-300x168.jpg\" alt=\"miss-dancer17\" width=\"300\" height=\"168\" srcset=\"http:\/\/media.pernillaodlund.se\/2014\/05\/miss-dancer171-300x168.jpg 300w, http:\/\/media.pernillaodlund.se\/2014\/05\/miss-dancer171-500x281.jpg 500w, http:\/\/media.pernillaodlund.se\/2014\/05\/miss-dancer171.jpg 640w\" sizes=\"auto, (max-width: 300px) 100vw, 300px\" \/><\/a> <a href=\"http:\/\/media.pernillaodlund.se\/2014\/05\/miss-dancer18.jpg\"><img loading=\"lazy\" decoding=\"async\" class=\"alignnone size-medium wp-image-3097\" src=\"http:\/\/media.pernillaodlund.se\/2014\/05\/miss-dancer18-300x168.jpg\" alt=\"miss-dancer18\" width=\"300\" height=\"168\" srcset=\"http:\/\/media.pernillaodlund.se\/2014\/05\/miss-dancer18-300x168.jpg 300w, http:\/\/media.pernillaodlund.se\/2014\/05\/miss-dancer18-500x281.jpg 500w, http:\/\/media.pernillaodlund.se\/2014\/05\/miss-dancer18.jpg 640w\" sizes=\"auto, (max-width: 300px) 100vw, 300px\" \/><\/a><\/p>\n","protected":false},"excerpt":{"rendered":"<p>S\u00c5LD till Sofie i Sk\u00e5ne f\u00f6dd 3 maj 2014 e: Speyksbosch Dancer u: Borghof\u00b4s Corintje<\/p>\n","protected":false},"author":1,"featured_media":0,"parent":3079,"menu_order":0,"comment_status":"open","ping_status":"open","template":"","meta":{"om_disable_all_campaigns":false,"_monsterinsights_skip_tracking":false,"_monsterinsights_sitenote_active":false,"_monsterinsights_sitenote_note":"","_monsterinsights_sitenote_category":0,"footnotes":""},"class_list":["post-3083","page","type-page","status-publish","hentry"],"aioseo_notices":[],"_links":{"self":[{"href":"https:\/\/pernillaodlund.se\/index.php?rest_route=\/wp\/v2\/pages\/3083","targetHints":{"allow":["GET"]}}],"collection":[{"href":"https:\/\/pernillaodlund.se\/index.php?rest_route=\/wp\/v2\/pages"}],"about":[{"href":"https:\/\/pernillaodlund.se\/index.php?rest_route=\/wp\/v2\/types\/page"}],"author":[{"embeddable":true,"href":"https:\/\/pernillaodlund.se\/index.php?rest_route=\/wp\/v2\/users\/1"}],"replies":[{"embeddable":true,"href":"https:\/\/pernillaodlund.se\/index.php?rest_route=%2Fwp%2Fv2%2Fcomments&post=3083"}],"version-history":[{"count":2,"href":"https:\/\/pernillaodlund.se\/index.php?rest_route=\/wp\/v2\/pages\/3083\/revisions"}],"predecessor-version":[{"id":3756,"href":"https:\/\/pernillaodlund.se\/index.php?rest_route=\/wp\/v2\/pages\/3083\/revisions\/3756"}],"up":[{"embeddable":true,"href":"https:\/\/pernillaodlund.se\/index.php?rest_route=\/wp\/v2\/pages\/3079"}],"wp:attachment":[{"href":"https:\/\/pernillaodlund.se\/index.php?rest_route=%2Fwp%2Fv2%2Fmedia&parent=3083"}],"curies":[{"name":"wp","href":"https:\/\/api.w.org\/{rel}","templated":true}]}}