{"id":3431,"date":"2015-01-03T12:34:04","date_gmt":"2015-01-03T11:34:04","guid":{"rendered":"http:\/\/pernillaodlund.se\/?page_id=3431"},"modified":"2023-02-24T10:13:40","modified_gmt":"2023-02-24T09:13:40","slug":"russe","status":"publish","type":"page","link":"https:\/\/pernillaodlund.se\/?page_id=3431","title":{"rendered":"Russe"},"content":{"rendered":"<p><a href=\"http:\/\/media.pernillaodlund.se\/2011\/11\/russe_castor.jpg\"><img loading=\"lazy\" decoding=\"async\" class=\"alignnone size-medium wp-image-974\" title=\"russe_castor\" src=\"http:\/\/media.pernillaodlund.se\/2011\/11\/russe_castor-300x225.jpg\" alt=\"\" width=\"300\" height=\"225\" srcset=\"http:\/\/media.pernillaodlund.se\/2011\/11\/russe_castor-300x225.jpg 300w, http:\/\/media.pernillaodlund.se\/2011\/11\/russe_castor-398x300.jpg 398w, http:\/\/media.pernillaodlund.se\/2011\/11\/russe_castor.jpg 400w\" sizes=\"auto, (max-width: 300px) 100vw, 300px\" \/><\/a><br \/>\nRusse och Castor i hagen sept 2007<\/p>\n<p>N\u00e4sta lilla ponny i familjen var en hyrponny fr\u00e5n Aud p\u00e5 Eker\u00f6. Han heter Russe och \u00e4r en russvalack f\u00f6dd 1989. B\u00e5de jag och Emma tyckte att Sudden var lite f\u00f6r stor f\u00f6r henne att riktigt l\u00e4ra sig rida p\u00e5 och dessutom ville jag rida mer \u00e4n jag fick tillf\u00e4lle till. S\u00e5 vi besl\u00f6t oss f\u00f6r att hyra en ponny av Aud. Vi \u00e5kte till Eker\u00f6 och provade n\u00e5gra stycken, vi f\u00f6ll f\u00f6r lilla Russe. En trevlig gentleman som l\u00e4rde Emma massor under de nio m\u00e5naderna som vi hade honom som v\u00e5r. Det k\u00e4ndes dock i hj\u00e4rtat n\u00e4r vi l\u00e4mnade tillbaka honom.<\/p>\n","protected":false},"excerpt":{"rendered":"<p>Russe och Castor i hagen sept 2007 N\u00e4sta lilla ponny i familjen var en hyrponny fr\u00e5n Aud p\u00e5 Eker\u00f6. Han heter Russe och \u00e4r en russvalack f\u00f6dd 1989. B\u00e5de jag och Emma tyckte att Sudden var lite f\u00f6r stor f\u00f6r &hellip; <a href=\"https:\/\/pernillaodlund.se\/?page_id=3431\">L\u00e4s mer <span class=\"meta-nav\">&rarr;<\/span><\/a><\/p>\n","protected":false},"author":1,"featured_media":0,"parent":916,"menu_order":17,"comment_status":"open","ping_status":"closed","template":"","meta":{"om_disable_all_campaigns":false,"_monsterinsights_skip_tracking":false,"_monsterinsights_sitenote_active":false,"_monsterinsights_sitenote_note":"","_monsterinsights_sitenote_category":0,"footnotes":""},"class_list":["post-3431","page","type-page","status-publish","hentry"],"aioseo_notices":[],"_links":{"self":[{"href":"https:\/\/pernillaodlund.se\/index.php?rest_route=\/wp\/v2\/pages\/3431","targetHints":{"allow":["GET"]}}],"collection":[{"href":"https:\/\/pernillaodlund.se\/index.php?rest_route=\/wp\/v2\/pages"}],"about":[{"href":"https:\/\/pernillaodlund.se\/index.php?rest_route=\/wp\/v2\/types\/page"}],"author":[{"embeddable":true,"href":"https:\/\/pernillaodlund.se\/index.php?rest_route=\/wp\/v2\/users\/1"}],"replies":[{"embeddable":true,"href":"https:\/\/pernillaodlund.se\/index.php?rest_route=%2Fwp%2Fv2%2Fcomments&post=3431"}],"version-history":[{"count":1,"href":"https:\/\/pernillaodlund.se\/index.php?rest_route=\/wp\/v2\/pages\/3431\/revisions"}],"predecessor-version":[{"id":3432,"href":"https:\/\/pernillaodlund.se\/index.php?rest_route=\/wp\/v2\/pages\/3431\/revisions\/3432"}],"up":[{"embeddable":true,"href":"https:\/\/pernillaodlund.se\/index.php?rest_route=\/wp\/v2\/pages\/916"}],"wp:attachment":[{"href":"https:\/\/pernillaodlund.se\/index.php?rest_route=%2Fwp%2Fv2%2Fmedia&parent=3431"}],"curies":[{"name":"wp","href":"https:\/\/api.w.org\/{rel}","templated":true}]}}