{"id":3745,"date":"2015-05-26T23:31:21","date_gmt":"2015-05-26T22:31:21","guid":{"rendered":"http:\/\/pernillaodlund.se\/?page_id=3745"},"modified":"2016-11-17T09:39:57","modified_gmt":"2016-11-17T08:39:57","slug":"exsus-wild-hunt","status":"publish","type":"page","link":"https:\/\/pernillaodlund.se\/?page_id=3745","title":{"rendered":"Exsus Wild Hunt &#8211; RIP"},"content":{"rendered":"<p><a href=\"http:\/\/media.pernillaodlund.se\/2015\/05\/DSC_7860-e1431438191520.jpg\"><img loading=\"lazy\" decoding=\"async\" class=\"alignnone size-medium wp-image-3720\" src=\"http:\/\/media.pernillaodlund.se\/2015\/05\/DSC_7860-e1431438191520-200x300.jpg\" alt=\"DSC_7860\" width=\"200\" height=\"300\" srcset=\"http:\/\/media.pernillaodlund.se\/2015\/05\/DSC_7860-e1431438191520-200x300.jpg 200w, http:\/\/media.pernillaodlund.se\/2015\/05\/DSC_7860-e1431438191520-683x1024.jpg 683w\" sizes=\"auto, (max-width: 200px) 100vw, 200px\" \/><br \/>\n<\/a>Exsus Wild Hunt &#8211; hingst f\u00f6dd 10 maj 2015 &#8211; d\u00f6d augusti 2016<br \/>\ne: EG Pauli (e: Power Boy)<br \/>\nu: Borghof\u00b4s Corintje (e: Leuns Velds Elegant)<\/p>\n<p>Wille, som vi kallar honom, \u00e4r en otroligt nyfiken, social och sprallig kille. Han lever verkligen upp till sitt namn \ud83d\ude00<\/p>\n<p>Wille \u00e4r till salu &#8211; tillf\u00e4lle f\u00f6r dig som letar efter en superstam att ha som framtida avelshingst eller som framtida t\u00e4vlingsponny. Denna kille kommer g\u00e5 l\u00e5ngt &#8211; han har en fantastiskt inst\u00e4llning till livet!<\/p>\n","protected":false},"excerpt":{"rendered":"<p>Exsus Wild Hunt &#8211; hingst f\u00f6dd 10 maj 2015 &#8211; d\u00f6d augusti 2016 e: EG Pauli (e: Power Boy) u: Borghof\u00b4s Corintje (e: Leuns Velds Elegant) Wille, som vi kallar honom, \u00e4r en otroligt nyfiken, social och sprallig kille. Han &hellip; <a href=\"https:\/\/pernillaodlund.se\/?page_id=3745\">L\u00e4s mer <span class=\"meta-nav\">&rarr;<\/span><\/a><\/p>\n","protected":false},"author":1,"featured_media":0,"parent":3742,"menu_order":0,"comment_status":"open","ping_status":"open","template":"","meta":{"om_disable_all_campaigns":false,"_monsterinsights_skip_tracking":false,"_monsterinsights_sitenote_active":false,"_monsterinsights_sitenote_note":"","_monsterinsights_sitenote_category":0,"footnotes":""},"class_list":["post-3745","page","type-page","status-publish","hentry"],"aioseo_notices":[],"_links":{"self":[{"href":"https:\/\/pernillaodlund.se\/index.php?rest_route=\/wp\/v2\/pages\/3745","targetHints":{"allow":["GET"]}}],"collection":[{"href":"https:\/\/pernillaodlund.se\/index.php?rest_route=\/wp\/v2\/pages"}],"about":[{"href":"https:\/\/pernillaodlund.se\/index.php?rest_route=\/wp\/v2\/types\/page"}],"author":[{"embeddable":true,"href":"https:\/\/pernillaodlund.se\/index.php?rest_route=\/wp\/v2\/users\/1"}],"replies":[{"embeddable":true,"href":"https:\/\/pernillaodlund.se\/index.php?rest_route=%2Fwp%2Fv2%2Fcomments&post=3745"}],"version-history":[{"count":4,"href":"https:\/\/pernillaodlund.se\/index.php?rest_route=\/wp\/v2\/pages\/3745\/revisions"}],"predecessor-version":[{"id":4250,"href":"https:\/\/pernillaodlund.se\/index.php?rest_route=\/wp\/v2\/pages\/3745\/revisions\/4250"}],"up":[{"embeddable":true,"href":"https:\/\/pernillaodlund.se\/index.php?rest_route=\/wp\/v2\/pages\/3742"}],"wp:attachment":[{"href":"https:\/\/pernillaodlund.se\/index.php?rest_route=%2Fwp%2Fv2%2Fmedia&parent=3745"}],"curies":[{"name":"wp","href":"https:\/\/api.w.org\/{rel}","templated":true}]}}