{"id":4169,"date":"2016-08-31T10:42:35","date_gmt":"2016-08-31T09:42:35","guid":{"rendered":"http:\/\/pernillaodlund.se\/?page_id=4169"},"modified":"2023-02-24T10:41:58","modified_gmt":"2023-02-24T09:41:58","slug":"fol-2016","status":"publish","type":"page","link":"https:\/\/pernillaodlund.se\/?page_id=4169","title":{"rendered":"Exsus Hope &#8211; RIP"},"content":{"rendered":"<p><a href=\"http:\/\/media.pernillaodlund.se\/2016\/08\/DSC_0133.jpg\" rel=\"attachment wp-att-4170\"><img loading=\"lazy\" decoding=\"async\" class=\"alignnone size-medium wp-image-4170\" src=\"http:\/\/media.pernillaodlund.se\/2016\/08\/DSC_0133-300x199.jpg\" alt=\"DSC_0133\" width=\"300\" height=\"199\" srcset=\"http:\/\/media.pernillaodlund.se\/2016\/08\/DSC_0133-300x199.jpg 300w, http:\/\/media.pernillaodlund.se\/2016\/08\/DSC_0133-452x300.jpg 452w, http:\/\/media.pernillaodlund.se\/2016\/08\/DSC_0133.jpg 640w\" sizes=\"auto, (max-width: 300px) 100vw, 300px\" \/><\/a><\/p>\n<p>Exsus Hope<br \/>\nf\u00f6dd 22 maj 2016<br \/>\ne: Ulk d&#8217;\u00e9t\u00e9<br \/>\nu: Cuba<br \/>\nVisad p\u00e5 Brol\u00f6ten den 14 aug med f\u00f6ljande bed\u00f6mning:<br \/>\n8,5 7 7 8 8 dvs 79,43% och Klass 1<\/p>\n<p><a href=\"http:\/\/media.pernillaodlund.se\/2016\/08\/DSC_0051.jpg\" rel=\"attachment wp-att-4171\"><img loading=\"lazy\" decoding=\"async\" class=\"alignnone size-medium wp-image-4171\" src=\"http:\/\/media.pernillaodlund.se\/2016\/08\/DSC_0051-300x199.jpg\" alt=\"DSC_0051\" width=\"300\" height=\"199\" srcset=\"http:\/\/media.pernillaodlund.se\/2016\/08\/DSC_0051-300x199.jpg 300w, http:\/\/media.pernillaodlund.se\/2016\/08\/DSC_0051-452x300.jpg 452w, http:\/\/media.pernillaodlund.se\/2016\/08\/DSC_0051.jpg 640w\" sizes=\"auto, (max-width: 300px) 100vw, 300px\" \/><\/a><a href=\"http:\/\/media.pernillaodlund.se\/2016\/08\/DSC_9401.jpg\" rel=\"attachment wp-att-4172\"><img loading=\"lazy\" decoding=\"async\" class=\"alignnone size-medium wp-image-4172\" src=\"http:\/\/media.pernillaodlund.se\/2016\/08\/DSC_9401-300x200.jpg\" alt=\"DSC_9401\" width=\"300\" height=\"200\" srcset=\"http:\/\/media.pernillaodlund.se\/2016\/08\/DSC_9401-300x200.jpg 300w, http:\/\/media.pernillaodlund.se\/2016\/08\/DSC_9401-450x300.jpg 450w, http:\/\/media.pernillaodlund.se\/2016\/08\/DSC_9401.jpg 640w\" sizes=\"auto, (max-width: 300px) 100vw, 300px\" \/><\/a><a href=\"http:\/\/media.pernillaodlund.se\/2016\/08\/DSC_0128.jpg\" rel=\"attachment wp-att-4173\"><img loading=\"lazy\" decoding=\"async\" class=\"alignnone size-medium wp-image-4173\" src=\"http:\/\/media.pernillaodlund.se\/2016\/08\/DSC_0128-300x199.jpg\" alt=\"DSC_0128\" width=\"300\" height=\"199\" srcset=\"http:\/\/media.pernillaodlund.se\/2016\/08\/DSC_0128-300x199.jpg 300w, http:\/\/media.pernillaodlund.se\/2016\/08\/DSC_0128-452x300.jpg 452w, http:\/\/media.pernillaodlund.se\/2016\/08\/DSC_0128.jpg 640w\" sizes=\"auto, (max-width: 300px) 100vw, 300px\" \/><\/a><a href=\"http:\/\/media.pernillaodlund.se\/2016\/08\/DSC_0199.jpg\" rel=\"attachment wp-att-4174\"><img loading=\"lazy\" decoding=\"async\" class=\"alignnone size-medium wp-image-4174\" src=\"http:\/\/media.pernillaodlund.se\/2016\/08\/DSC_0199-300x200.jpg\" alt=\"DSC_0199\" width=\"300\" height=\"200\" srcset=\"http:\/\/media.pernillaodlund.se\/2016\/08\/DSC_0199-300x200.jpg 300w, http:\/\/media.pernillaodlund.se\/2016\/08\/DSC_0199-450x300.jpg 450w, http:\/\/media.pernillaodlund.se\/2016\/08\/DSC_0199.jpg 640w\" sizes=\"auto, (max-width: 300px) 100vw, 300px\" \/><\/a><\/p>\n<p>Som 3-\u00e5ring visades Hope och fick dubbel utm\u00e4rkelse med po\u00e4ngraderna:<br \/>\nHopp: 9 8 8 9 9 10 = 53p<br \/>\nG\u00e5ngarter: 9 8 8 7 8 9 = 49p<br \/>\nEfter det bet\u00e4cktes hon med Little Finnigan de la Praz och ber\u00e4knas f\u00f6la i maj 2020. Hope \u00e4gs av och bor hos Elisabeth Olsson.<br \/>\n<a href=\"http:\/\/media.pernillaodlund.se\/2016\/08\/IMG_3424.jpeg\"><img loading=\"lazy\" decoding=\"async\" class=\"alignnone size-large wp-image-5171\" src=\"http:\/\/media.pernillaodlund.se\/2016\/08\/IMG_3424-698x1024.jpeg\" alt=\"\" width=\"584\" height=\"857\" srcset=\"http:\/\/media.pernillaodlund.se\/2016\/08\/IMG_3424-698x1024.jpeg 698w, http:\/\/media.pernillaodlund.se\/2016\/08\/IMG_3424-205x300.jpeg 205w, http:\/\/media.pernillaodlund.se\/2016\/08\/IMG_3424-768x1126.jpeg 768w, http:\/\/media.pernillaodlund.se\/2016\/08\/IMG_3424.jpeg 1125w\" sizes=\"auto, (max-width: 584px) 100vw, 584px\" \/><\/a><a href=\"http:\/\/media.pernillaodlund.se\/2016\/08\/IMG_3425.jpg\"><img loading=\"lazy\" decoding=\"async\" class=\"alignnone size-large wp-image-5170\" src=\"http:\/\/media.pernillaodlund.se\/2016\/08\/IMG_3425-768x1024.jpg\" alt=\"\" width=\"584\" height=\"779\" srcset=\"http:\/\/media.pernillaodlund.se\/2016\/08\/IMG_3425-768x1024.jpg 768w, http:\/\/media.pernillaodlund.se\/2016\/08\/IMG_3425-225x300.jpg 225w, http:\/\/media.pernillaodlund.se\/2016\/08\/IMG_3425.jpg 1536w\" sizes=\"auto, (max-width: 584px) 100vw, 584px\" \/><\/a><\/p>\n","protected":false},"excerpt":{"rendered":"<p>Exsus Hope f\u00f6dd 22 maj 2016 e: Ulk d&#8217;\u00e9t\u00e9 u: Cuba Visad p\u00e5 Brol\u00f6ten den 14 aug med f\u00f6ljande bed\u00f6mning: 8,5 7 7 8 8 dvs 79,43% och Klass 1 Som 3-\u00e5ring visades Hope och fick dubbel utm\u00e4rkelse med po\u00e4ngraderna: &hellip; <a href=\"https:\/\/pernillaodlund.se\/?page_id=4169\">L\u00e4s mer <span class=\"meta-nav\">&rarr;<\/span><\/a><\/p>\n","protected":false},"author":1,"featured_media":0,"parent":5353,"menu_order":0,"comment_status":"closed","ping_status":"closed","template":"","meta":{"om_disable_all_campaigns":false,"_monsterinsights_skip_tracking":false,"_monsterinsights_sitenote_active":false,"_monsterinsights_sitenote_note":"","_monsterinsights_sitenote_category":0,"footnotes":""},"class_list":["post-4169","page","type-page","status-publish","hentry"],"aioseo_notices":[],"_links":{"self":[{"href":"https:\/\/pernillaodlund.se\/index.php?rest_route=\/wp\/v2\/pages\/4169","targetHints":{"allow":["GET"]}}],"collection":[{"href":"https:\/\/pernillaodlund.se\/index.php?rest_route=\/wp\/v2\/pages"}],"about":[{"href":"https:\/\/pernillaodlund.se\/index.php?rest_route=\/wp\/v2\/types\/page"}],"author":[{"embeddable":true,"href":"https:\/\/pernillaodlund.se\/index.php?rest_route=\/wp\/v2\/users\/1"}],"replies":[{"embeddable":true,"href":"https:\/\/pernillaodlund.se\/index.php?rest_route=%2Fwp%2Fv2%2Fcomments&post=4169"}],"version-history":[{"count":5,"href":"https:\/\/pernillaodlund.se\/index.php?rest_route=\/wp\/v2\/pages\/4169\/revisions"}],"predecessor-version":[{"id":5517,"href":"https:\/\/pernillaodlund.se\/index.php?rest_route=\/wp\/v2\/pages\/4169\/revisions\/5517"}],"up":[{"embeddable":true,"href":"https:\/\/pernillaodlund.se\/index.php?rest_route=\/wp\/v2\/pages\/5353"}],"wp:attachment":[{"href":"https:\/\/pernillaodlund.se\/index.php?rest_route=%2Fwp%2Fv2%2Fmedia&parent=4169"}],"curies":[{"name":"wp","href":"https:\/\/api.w.org\/{rel}","templated":true}]}}